{"id":9039,"date":"2020-12-31T14:37:05","date_gmt":"2020-12-31T19:37:05","guid":{"rendered":"https:\/\/bgfoodsca.wpengine.com\/about-usa-propos\/historique\/"},"modified":"2021-01-14T19:34:19","modified_gmt":"2021-01-15T00:34:19","slug":"history","status":"publish","type":"page","link":"https:\/\/bgfoods.ca\/fr-ca\/about\/history\/","title":{"rendered":"Historique"},"content":{"rendered":"\t\t<div data-elementor-type=\"wp-page\" data-elementor-id=\"9039\" class=\"elementor elementor-9039 elementor-8171\" data-elementor-post-type=\"page\">\n\t\t\t\t\t\t<section class=\"elementor-section elementor-top-section elementor-element elementor-element-12f2720 elementor-section-full_width ken-burns-breathing-bg elementor-section-height-default elementor-section-height-default\" data-id=\"12f2720\" data-element_type=\"section\" data-settings=\"{&quot;background_background&quot;:&quot;classic&quot;}\">\n\t\t\t\t\t\t<div class=\"elementor-container elementor-column-gap-no\">\n\t\t\t\t\t<div class=\"elementor-column elementor-col-100 elementor-top-column elementor-element elementor-element-cb2b130\" data-id=\"cb2b130\" data-element_type=\"column\" data-settings=\"{&quot;background_background&quot;:&quot;gradient&quot;}\">\n\t\t\t<div class=\"elementor-widget-wrap elementor-element-populated\">\n\t\t\t\t\t\t<section class=\"elementor-section elementor-inner-section elementor-element elementor-element-abaff4e elementor-section-boxed elementor-section-height-default elementor-section-height-default\" data-id=\"abaff4e\" data-element_type=\"section\">\n\t\t\t\t\t\t<div class=\"elementor-container elementor-column-gap-default\">\n\t\t\t\t\t<div class=\"elementor-column elementor-col-100 elementor-inner-column elementor-element elementor-element-914325e container-narrow\" data-id=\"914325e\" data-element_type=\"column\">\n\t\t\t<div class=\"elementor-widget-wrap elementor-element-populated\">\n\t\t\t\t\t\t<div class=\"elementor-element elementor-element-4a5e76e elementor-widget elementor-widget-heading\" data-id=\"4a5e76e\" data-element_type=\"widget\" data-widget_type=\"heading.default\">\n\t\t\t\t<div class=\"elementor-widget-container\">\n\t\t\t\t\t<h1 class=\"elementor-heading-title elementor-size-xxl\">Notre histoire<\/h1>\t\t\t\t<\/div>\n\t\t\t\t<\/div>\n\t\t\t\t\t<\/div>\n\t\t<\/div>\n\t\t\t\t\t<\/div>\n\t\t<\/section>\n\t\t\t\t<div class=\"elementor-element elementor-element-0ea8d3d elementor-widget elementor-widget-text-editor\" data-id=\"0ea8d3d\" data-element_type=\"widget\" data-widget_type=\"text-editor.default\">\n\t\t\t\t<div class=\"elementor-widget-container\">\n\t\t\t\t\t\t\t\t\tDe vendeurs de cornichons dans les rues de Manhattan \u00e0 multinationale.\t\t\t\t\t\t\t\t<\/div>\n\t\t\t\t<\/div>\n\t\t\t\t\t<\/div>\n\t\t<\/div>\n\t\t\t\t\t<\/div>\n\t\t<\/section>\n\t\t\t\t<section class=\"elementor-section elementor-top-section elementor-element elementor-element-f204ac6 elementor-hidden-desktop elementor-section-boxed elementor-section-height-default elementor-section-height-default\" data-id=\"f204ac6\" data-element_type=\"section\" data-settings=\"{&quot;background_background&quot;:&quot;classic&quot;}\">\n\t\t\t\t\t\t<div class=\"elementor-container elementor-column-gap-default\">\n\t\t\t\t\t<div class=\"elementor-column elementor-col-100 elementor-top-column elementor-element elementor-element-ec7b88c\" data-id=\"ec7b88c\" data-element_type=\"column\">\n\t\t\t<div class=\"elementor-widget-wrap elementor-element-populated\">\n\t\t\t\t\t\t<div class=\"elementor-element elementor-element-f4ba47d elementor-widget elementor-widget-html\" data-id=\"f4ba47d\" data-element_type=\"widget\" data-widget_type=\"html.default\">\n\t\t\t\t<div class=\"elementor-widget-container\">\n\t\t\t\t\t<select id=\"mobileSubMenu\" name=\"mobile-sub-menu\" onchange=\"location = this.value;\">\n <option value=\"\/fr-ca\/about\/history\">Historique de la soci\u00e9t\u00e9<\/option>\n <option value=\"\/fr-ca\/about\/history\/acquisition-history\">Historique d\u2019acquisition<\/option>\n<\/select>\n\t\t\t\t<\/div>\n\t\t\t\t<\/div>\n\t\t\t\t\t<\/div>\n\t\t<\/div>\n\t\t\t\t\t<\/div>\n\t\t<\/section>\n\t\t\t\t<section class=\"elementor-section elementor-top-section elementor-element elementor-element-7f5d26f elementor-section-full_width investors-sub-menu elementor-hidden-tablet elementor-hidden-phone elementor-section-height-default elementor-section-height-default\" data-id=\"7f5d26f\" data-element_type=\"section\">\n\t\t\t\t\t\t<div class=\"elementor-container elementor-column-gap-no\">\n\t\t\t\t\t<div class=\"elementor-column elementor-col-100 elementor-top-column elementor-element elementor-element-3d549a1\" data-id=\"3d549a1\" data-element_type=\"column\">\n\t\t\t<div class=\"elementor-widget-wrap elementor-element-populated\">\n\t\t\t\t\t\t<div class=\"elementor-element elementor-element-9f8881b elementor-nav-menu__align-center elementor-nav-menu--dropdown-none elementor-widget elementor-widget-nav-menu\" data-id=\"9f8881b\" data-element_type=\"widget\" data-settings=\"{&quot;layout&quot;:&quot;horizontal&quot;,&quot;submenu_icon&quot;:{&quot;value&quot;:&quot;&lt;i class=\\&quot;fas fa-caret-down\\&quot; aria-hidden=\\&quot;true\\&quot;&gt;&lt;\\\/i&gt;&quot;,&quot;library&quot;:&quot;fa-solid&quot;}}\" data-widget_type=\"nav-menu.default\">\n\t\t\t\t<div class=\"elementor-widget-container\">\n\t\t\t\t\t\t\t\t<nav aria-label=\"Menu\" class=\"elementor-nav-menu--main elementor-nav-menu__container elementor-nav-menu--layout-horizontal e--pointer-none\">\n\t\t\t\t<ul id=\"menu-1-9f8881b\" class=\"elementor-nav-menu\"><li class=\"menu-item menu-item-type-post_type menu-item-object-page menu-item-9901\"><a href=\"https:\/\/bgfoods.ca\/fr-ca\/about\/history\/\" class=\"elementor-item\">Historique de la soci\u00e9t\u00e9<\/a><\/li>\n<li class=\"menu-item menu-item-type-post_type menu-item-object-page menu-item-9902\"><a href=\"https:\/\/bgfoods.ca\/fr-ca\/about\/history\/acquisition-history\/\" class=\"elementor-item\">Historique<\/a><\/li>\n<\/ul>\t\t\t<\/nav>\n\t\t\t\t\t\t<nav class=\"elementor-nav-menu--dropdown elementor-nav-menu__container\" aria-hidden=\"true\">\n\t\t\t\t<ul id=\"menu-2-9f8881b\" class=\"elementor-nav-menu\"><li class=\"menu-item menu-item-type-post_type menu-item-object-page menu-item-9901\"><a href=\"https:\/\/bgfoods.ca\/fr-ca\/about\/history\/\" class=\"elementor-item\" tabindex=\"-1\">Historique de la soci\u00e9t\u00e9<\/a><\/li>\n<li class=\"menu-item menu-item-type-post_type menu-item-object-page menu-item-9902\"><a href=\"https:\/\/bgfoods.ca\/fr-ca\/about\/history\/acquisition-history\/\" class=\"elementor-item\" tabindex=\"-1\">Historique<\/a><\/li>\n<\/ul>\t\t\t<\/nav>\n\t\t\t\t\t\t<\/div>\n\t\t\t\t<\/div>\n\t\t\t\t\t<\/div>\n\t\t<\/div>\n\t\t\t\t\t<\/div>\n\t\t<\/section>\n\t\t\t\t<section class=\"elementor-section elementor-top-section elementor-element elementor-element-af669bb elementor-section-boxed elementor-section-height-default elementor-section-height-default\" data-id=\"af669bb\" data-element_type=\"section\">\n\t\t\t\t\t\t<div class=\"elementor-container elementor-column-gap-default\">\n\t\t\t\t\t<div class=\"elementor-column elementor-col-100 elementor-top-column elementor-element elementor-element-d3a259b container-wide\" data-id=\"d3a259b\" data-element_type=\"column\">\n\t\t\t<div class=\"elementor-widget-wrap elementor-element-populated\">\n\t\t\t\t\t\t<div class=\"elementor-element elementor-element-e3323b4 elementor-widget elementor-widget-text-editor\" data-id=\"e3323b4\" data-element_type=\"widget\" id=\"company_history_intro\" data-widget_type=\"text-editor.default\">\n\t\t\t\t<div class=\"elementor-widget-container\">\n\t\t\t\t\t\t\t\t\t<p>Bloch &amp; Guggenheimer et la marque B&amp;G ont \u00e9t\u00e9 fond\u00e9es en 1889 par les familles Bloch et Guggenheimer, des immigrants venus en Am\u00e9rique \u00e0 la recherche d\u2019une vie meilleure. Ils ont commenc\u00e9 par vendre des cornichons dans les rues de Manhattan et la marque B&amp;G a continu\u00e9 \u00e0 se d\u00e9velopper au fil des ans, car les familles Bloch et Guggenheimer ont toujours plac\u00e9 la qualit\u00e9 de leurs produits au premier plan. La marque B&amp;G formait d\u00e9j\u00e0 le noyau de B&amp;G Foods lors de sa fondation en 1996.<\/p><p id=\"tw-target-text\" class=\"tw-data-text tw-text-large XcVN5d tw-ta\" dir=\"ltr\" data-placeholder=\"Translation\"><span lang=\"fr\">Aujourd&rsquo;hui, la famille de marques de B&amp;G Foods comprend un portefeuille diversifi\u00e9 de marques bien connues et appr\u00e9ci\u00e9es, y compris 15 marques propos\u00e9es par B&amp;G Foods Canada, et notre engagement envers la salubrit\u00e9 et la qualit\u00e9 des aliments demeure notre priorit\u00e9 num\u00e9ro un.<\/span><\/p><p>B&amp;G Foods Canada a \u00e9t\u00e9 fond\u00e9e en 2011. Le si\u00e8ge social de B&amp;G Foods Canada se trouve \u00e0 Mississauga en Ontario, depuis 2016.<\/p>\t\t\t\t\t\t\t\t<\/div>\n\t\t\t\t<\/div>\n\t\t\t\t\t<\/div>\n\t\t<\/div>\n\t\t\t\t\t<\/div>\n\t\t<\/section>\n\t\t\t\t<\/div>\n\t\t","protected":false},"excerpt":{"rendered":"<p>Notre histoire De vendeurs de cornichons dans les rues de Manhattan \u00e0 multinationale. Historique de la soci\u00e9t\u00e9Historique d\u2019acquisition Bloch &amp; Guggenheimer et la marque B&amp;G ont \u00e9t\u00e9 fond\u00e9es en 1889 par les familles Bloch et Guggenheimer, des immigrants venus en Am\u00e9rique \u00e0 la recherche d\u2019une vie meilleure. Ils ont commenc\u00e9 par vendre des cornichons dans [&hellip;]<\/p>\n","protected":false},"author":20,"featured_media":0,"parent":9991,"menu_order":0,"comment_status":"closed","ping_status":"closed","template":"elementor_header_footer","meta":{"_acf_changed":false,"footnotes":""},"class_list":["post-9039","page","type-page","status-publish","hentry"],"acf":[],"yoast_head":"<!-- This site is optimized with the Yoast SEO Premium plugin v27.0 (Yoast SEO v27.0) - https:\/\/yoast.com\/product\/yoast-seo-premium-wordpress\/ -->\n<title>Historique - B&amp;G Foods<\/title>\n<meta name=\"robots\" content=\"index, follow, max-snippet:-1, max-image-preview:large, max-video-preview:-1\" \/>\n<link rel=\"canonical\" href=\"https:\/\/bgfoods.ca\/fr-ca\/about\/history\/\" \/>\n<meta property=\"og:locale\" content=\"fr_CA\" \/>\n<meta property=\"og:type\" content=\"article\" \/>\n<meta property=\"og:title\" content=\"Historique\" \/>\n<meta property=\"og:description\" content=\"Notre histoire De vendeurs de cornichons dans les rues de Manhattan \u00e0 multinationale. Historique de la soci\u00e9t\u00e9 Historique d\u2019acquisition Bloch &amp;\" \/>\n<meta property=\"og:url\" content=\"https:\/\/bgfoods.ca\/fr-ca\/about\/history\/\" \/>\n<meta property=\"og:site_name\" content=\"B&amp;G Foods\" \/>\n<meta property=\"article:modified_time\" content=\"2021-01-15T00:34:19+00:00\" \/>\n<meta property=\"og:image\" content=\"https:\/\/bgfoods.ca\/wp-content\/uploads\/default-og-image.jpg\" \/>\n\t<meta property=\"og:image:width\" content=\"1200\" \/>\n\t<meta property=\"og:image:height\" content=\"630\" \/>\n\t<meta property=\"og:image:type\" content=\"image\/jpeg\" \/>\n<meta name=\"twitter:card\" content=\"summary_large_image\" \/>\n<meta name=\"twitter:label1\" content=\"Estimation du temps de lecture\" \/>\n\t<meta name=\"twitter:data1\" content=\"1 minute\" \/>\n<script type=\"application\/ld+json\" class=\"yoast-schema-graph\">{\"@context\":\"https:\/\/schema.org\",\"@graph\":[{\"@type\":\"WebPage\",\"@id\":\"https:\/\/bgfoods.ca\/fr-ca\/about\/history\/\",\"url\":\"https:\/\/bgfoods.ca\/fr-ca\/about\/history\/\",\"name\":\"Historique - B&amp;G Foods\",\"isPartOf\":{\"@id\":\"https:\/\/bgfoods.ca\/#website\"},\"datePublished\":\"2020-12-31T19:37:05+00:00\",\"dateModified\":\"2021-01-15T00:34:19+00:00\",\"breadcrumb\":{\"@id\":\"https:\/\/bgfoods.ca\/fr-ca\/about\/history\/#breadcrumb\"},\"inLanguage\":\"fr-CA\",\"potentialAction\":[{\"@type\":\"ReadAction\",\"target\":[\"https:\/\/bgfoods.ca\/fr-ca\/about\/history\/\"]}]},{\"@type\":\"BreadcrumbList\",\"@id\":\"https:\/\/bgfoods.ca\/fr-ca\/about\/history\/#breadcrumb\",\"itemListElement\":[{\"@type\":\"ListItem\",\"position\":1,\"name\":\"Home\",\"item\":\"https:\/\/bgfoods.ca\/fr-ca\/\"},{\"@type\":\"ListItem\",\"position\":2,\"name\":\"\u00c0 propos de nous\",\"item\":\"https:\/\/bgfoods.ca\/fr-ca\/about\/\"},{\"@type\":\"ListItem\",\"position\":3,\"name\":\"Historique\"}]},{\"@type\":\"WebSite\",\"@id\":\"https:\/\/bgfoods.ca\/#website\",\"url\":\"https:\/\/bgfoods.ca\/\",\"name\":\"B&amp;G Foods\",\"description\":\"B&amp;G Foods has been making great-tasting, high-quality foods that you can feel good about feeding your family since the 1800s.\",\"publisher\":{\"@id\":\"https:\/\/bgfoods.ca\/#organization\"},\"potentialAction\":[{\"@type\":\"SearchAction\",\"target\":{\"@type\":\"EntryPoint\",\"urlTemplate\":\"https:\/\/bgfoods.ca\/?s={search_term_string}\"},\"query-input\":{\"@type\":\"PropertyValueSpecification\",\"valueRequired\":true,\"valueName\":\"search_term_string\"}}],\"inLanguage\":\"fr-CA\"},{\"@type\":\"Organization\",\"@id\":\"https:\/\/bgfoods.ca\/#organization\",\"name\":\"B&G Foods Canada\",\"url\":\"https:\/\/bgfoods.ca\/\",\"logo\":{\"@type\":\"ImageObject\",\"inLanguage\":\"fr-CA\",\"@id\":\"https:\/\/bgfoods.ca\/#\/schema\/logo\/image\/\",\"url\":\"https:\/\/bgfoods.ca\/wp-content\/uploads\/cropped-bg-logo-ca.jpg\",\"contentUrl\":\"https:\/\/bgfoods.ca\/wp-content\/uploads\/cropped-bg-logo-ca.jpg\",\"width\":400,\"height\":200,\"caption\":\"B&G Foods Canada\"},\"image\":{\"@id\":\"https:\/\/bgfoods.ca\/#\/schema\/logo\/image\/\"}}]}<\/script>\n<!-- \/ Yoast SEO Premium plugin. -->","yoast_head_json":{"title":"Historique - B&amp;G Foods","robots":{"index":"index","follow":"follow","max-snippet":"max-snippet:-1","max-image-preview":"max-image-preview:large","max-video-preview":"max-video-preview:-1"},"canonical":"https:\/\/bgfoods.ca\/fr-ca\/about\/history\/","og_locale":"fr_CA","og_type":"article","og_title":"Historique","og_description":"Notre histoire De vendeurs de cornichons dans les rues de Manhattan \u00e0 multinationale. Historique de la soci\u00e9t\u00e9 Historique d\u2019acquisition Bloch &amp;","og_url":"https:\/\/bgfoods.ca\/fr-ca\/about\/history\/","og_site_name":"B&amp;G Foods","article_modified_time":"2021-01-15T00:34:19+00:00","og_image":[{"width":1200,"height":630,"url":"https:\/\/bgfoods.ca\/wp-content\/uploads\/default-og-image.jpg","type":"image\/jpeg"}],"twitter_card":"summary_large_image","twitter_misc":{"Estimation du temps de lecture":"1 minute"},"schema":{"@context":"https:\/\/schema.org","@graph":[{"@type":"WebPage","@id":"https:\/\/bgfoods.ca\/fr-ca\/about\/history\/","url":"https:\/\/bgfoods.ca\/fr-ca\/about\/history\/","name":"Historique - B&amp;G Foods","isPartOf":{"@id":"https:\/\/bgfoods.ca\/#website"},"datePublished":"2020-12-31T19:37:05+00:00","dateModified":"2021-01-15T00:34:19+00:00","breadcrumb":{"@id":"https:\/\/bgfoods.ca\/fr-ca\/about\/history\/#breadcrumb"},"inLanguage":"fr-CA","potentialAction":[{"@type":"ReadAction","target":["https:\/\/bgfoods.ca\/fr-ca\/about\/history\/"]}]},{"@type":"BreadcrumbList","@id":"https:\/\/bgfoods.ca\/fr-ca\/about\/history\/#breadcrumb","itemListElement":[{"@type":"ListItem","position":1,"name":"Home","item":"https:\/\/bgfoods.ca\/fr-ca\/"},{"@type":"ListItem","position":2,"name":"\u00c0 propos de nous","item":"https:\/\/bgfoods.ca\/fr-ca\/about\/"},{"@type":"ListItem","position":3,"name":"Historique"}]},{"@type":"WebSite","@id":"https:\/\/bgfoods.ca\/#website","url":"https:\/\/bgfoods.ca\/","name":"B&amp;G Foods","description":"B&amp;G Foods has been making great-tasting, high-quality foods that you can feel good about feeding your family since the 1800s.","publisher":{"@id":"https:\/\/bgfoods.ca\/#organization"},"potentialAction":[{"@type":"SearchAction","target":{"@type":"EntryPoint","urlTemplate":"https:\/\/bgfoods.ca\/?s={search_term_string}"},"query-input":{"@type":"PropertyValueSpecification","valueRequired":true,"valueName":"search_term_string"}}],"inLanguage":"fr-CA"},{"@type":"Organization","@id":"https:\/\/bgfoods.ca\/#organization","name":"B&G Foods Canada","url":"https:\/\/bgfoods.ca\/","logo":{"@type":"ImageObject","inLanguage":"fr-CA","@id":"https:\/\/bgfoods.ca\/#\/schema\/logo\/image\/","url":"https:\/\/bgfoods.ca\/wp-content\/uploads\/cropped-bg-logo-ca.jpg","contentUrl":"https:\/\/bgfoods.ca\/wp-content\/uploads\/cropped-bg-logo-ca.jpg","width":400,"height":200,"caption":"B&G Foods Canada"},"image":{"@id":"https:\/\/bgfoods.ca\/#\/schema\/logo\/image\/"}}]}},"_links":{"self":[{"href":"https:\/\/bgfoods.ca\/fr-ca\/wp-json\/wp\/v2\/pages\/9039","targetHints":{"allow":["GET"]}}],"collection":[{"href":"https:\/\/bgfoods.ca\/fr-ca\/wp-json\/wp\/v2\/pages"}],"about":[{"href":"https:\/\/bgfoods.ca\/fr-ca\/wp-json\/wp\/v2\/types\/page"}],"author":[{"embeddable":true,"href":"https:\/\/bgfoods.ca\/fr-ca\/wp-json\/wp\/v2\/users\/20"}],"replies":[{"embeddable":true,"href":"https:\/\/bgfoods.ca\/fr-ca\/wp-json\/wp\/v2\/comments?post=9039"}],"version-history":[{"count":0,"href":"https:\/\/bgfoods.ca\/fr-ca\/wp-json\/wp\/v2\/pages\/9039\/revisions"}],"up":[{"embeddable":true,"href":"https:\/\/bgfoods.ca\/fr-ca\/wp-json\/wp\/v2\/pages\/9991"}],"wp:attachment":[{"href":"https:\/\/bgfoods.ca\/fr-ca\/wp-json\/wp\/v2\/media?parent=9039"}],"curies":[{"name":"wp","href":"https:\/\/api.w.org\/{rel}","templated":true}]}}