{"id":9040,"date":"2020-12-31T14:37:54","date_gmt":"2020-12-31T19:37:54","guid":{"rendered":"https:\/\/bgfoodsca.wpengine.com\/about-usa-propos\/historique\/historique-dacquisition\/"},"modified":"2026-01-23T13:11:30","modified_gmt":"2026-01-23T18:11:30","slug":"acquisition-history","status":"publish","type":"page","link":"https:\/\/bgfoods.ca\/fr-ca\/about\/history\/acquisition-history\/","title":{"rendered":"Historique"},"content":{"rendered":"\t\t<div data-elementor-type=\"wp-page\" data-elementor-id=\"9040\" class=\"elementor elementor-9040 elementor-8934\" data-elementor-post-type=\"page\">\n\t\t\t\t\t\t<section class=\"elementor-section elementor-top-section elementor-element elementor-element-8ca1489 elementor-section-full_width ken-burns-breathing-bg elementor-section-height-default elementor-section-height-default\" data-id=\"8ca1489\" data-element_type=\"section\" data-settings=\"{&quot;background_background&quot;:&quot;classic&quot;}\">\n\t\t\t\t\t\t<div class=\"elementor-container elementor-column-gap-no\">\n\t\t\t\t\t<div class=\"elementor-column elementor-col-100 elementor-top-column elementor-element elementor-element-7ae8642\" data-id=\"7ae8642\" data-element_type=\"column\" data-settings=\"{&quot;background_background&quot;:&quot;gradient&quot;}\">\n\t\t\t<div class=\"elementor-widget-wrap elementor-element-populated\">\n\t\t\t\t\t\t<section class=\"elementor-section elementor-inner-section elementor-element elementor-element-1c4c29d elementor-section-boxed elementor-section-height-default elementor-section-height-default\" data-id=\"1c4c29d\" data-element_type=\"section\">\n\t\t\t\t\t\t<div class=\"elementor-container elementor-column-gap-default\">\n\t\t\t\t\t<div class=\"elementor-column elementor-col-100 elementor-inner-column elementor-element elementor-element-2e553c9 container-narrow\" data-id=\"2e553c9\" data-element_type=\"column\">\n\t\t\t<div class=\"elementor-widget-wrap elementor-element-populated\">\n\t\t\t\t\t\t<div class=\"elementor-element elementor-element-b195c70 elementor-widget elementor-widget-heading\" data-id=\"b195c70\" data-element_type=\"widget\" data-widget_type=\"heading.default\">\n\t\t\t\t<div class=\"elementor-widget-container\">\n\t\t\t\t\t<h1 class=\"elementor-heading-title elementor-size-xxl\">Notre histoire<\/h1>\t\t\t\t<\/div>\n\t\t\t\t<\/div>\n\t\t\t\t\t<\/div>\n\t\t<\/div>\n\t\t\t\t\t<\/div>\n\t\t<\/section>\n\t\t\t\t<div class=\"elementor-element elementor-element-7909483 elementor-widget elementor-widget-text-editor\" data-id=\"7909483\" data-element_type=\"widget\" data-widget_type=\"text-editor.default\">\n\t\t\t\t<div class=\"elementor-widget-container\">\n\t\t\t\t\t\t\t\t\tDe vendeurs de cornichons dans les rues de Manhattan \u00e0 multinationale.\t\t\t\t\t\t\t\t<\/div>\n\t\t\t\t<\/div>\n\t\t\t\t\t<\/div>\n\t\t<\/div>\n\t\t\t\t\t<\/div>\n\t\t<\/section>\n\t\t\t\t<section class=\"elementor-section elementor-top-section elementor-element elementor-element-e312941 elementor-hidden-desktop elementor-section-boxed elementor-section-height-default elementor-section-height-default\" data-id=\"e312941\" data-element_type=\"section\" data-settings=\"{&quot;background_background&quot;:&quot;classic&quot;}\">\n\t\t\t\t\t\t<div class=\"elementor-container elementor-column-gap-default\">\n\t\t\t\t\t<div class=\"elementor-column elementor-col-100 elementor-top-column elementor-element elementor-element-1726ce4\" data-id=\"1726ce4\" data-element_type=\"column\">\n\t\t\t<div class=\"elementor-widget-wrap elementor-element-populated\">\n\t\t\t\t\t\t<div class=\"elementor-element elementor-element-3e0d559 elementor-widget elementor-widget-html\" data-id=\"3e0d559\" data-element_type=\"widget\" data-widget_type=\"html.default\">\n\t\t\t\t<div class=\"elementor-widget-container\">\n\t\t\t\t\t<select id=\"mobileSubMenu\" name=\"mobile-sub-menu\" onchange=\"location = this.value;\">\n     <option value=\"\/fr-ca\/about\/history\/acquisition-history\">\nHistorique de la soci\u00e9t\u00e9\n<\/option>\n <option value=\"\/fr-ca\/about\/history\">Historique d\u2019acquisition<\/option>\n<\/select>\n\t\t\t\t<\/div>\n\t\t\t\t<\/div>\n\t\t\t\t\t<\/div>\n\t\t<\/div>\n\t\t\t\t\t<\/div>\n\t\t<\/section>\n\t\t\t\t<section class=\"elementor-section elementor-top-section elementor-element elementor-element-cceb74b elementor-section-full_width investors-sub-menu elementor-hidden-tablet elementor-hidden-phone elementor-section-height-default elementor-section-height-default\" data-id=\"cceb74b\" data-element_type=\"section\">\n\t\t\t\t\t\t<div class=\"elementor-container elementor-column-gap-no\">\n\t\t\t\t\t<div class=\"elementor-column elementor-col-100 elementor-top-column elementor-element elementor-element-c98cf04\" data-id=\"c98cf04\" data-element_type=\"column\">\n\t\t\t<div class=\"elementor-widget-wrap elementor-element-populated\">\n\t\t\t\t\t\t<div class=\"elementor-element elementor-element-ee91cdd elementor-nav-menu__align-center elementor-nav-menu--dropdown-none elementor-widget elementor-widget-nav-menu\" data-id=\"ee91cdd\" data-element_type=\"widget\" data-settings=\"{&quot;layout&quot;:&quot;horizontal&quot;,&quot;submenu_icon&quot;:{&quot;value&quot;:&quot;&lt;i class=\\&quot;fas fa-caret-down\\&quot; aria-hidden=\\&quot;true\\&quot;&gt;&lt;\\\/i&gt;&quot;,&quot;library&quot;:&quot;fa-solid&quot;}}\" data-widget_type=\"nav-menu.default\">\n\t\t\t\t<div class=\"elementor-widget-container\">\n\t\t\t\t\t\t\t\t<nav aria-label=\"Menu\" class=\"elementor-nav-menu--main elementor-nav-menu__container elementor-nav-menu--layout-horizontal e--pointer-none\">\n\t\t\t\t<ul id=\"menu-1-ee91cdd\" class=\"elementor-nav-menu\"><li class=\"menu-item menu-item-type-post_type menu-item-object-page menu-item-9901\"><a href=\"https:\/\/bgfoods.ca\/fr-ca\/about\/history\/\" class=\"elementor-item\">Historique de la soci\u00e9t\u00e9<\/a><\/li>\n<li class=\"menu-item menu-item-type-post_type menu-item-object-page menu-item-9902\"><a href=\"https:\/\/bgfoods.ca\/fr-ca\/about\/history\/acquisition-history\/\" class=\"elementor-item\">Historique<\/a><\/li>\n<\/ul>\t\t\t<\/nav>\n\t\t\t\t\t\t<nav class=\"elementor-nav-menu--dropdown elementor-nav-menu__container\" aria-hidden=\"true\">\n\t\t\t\t<ul id=\"menu-2-ee91cdd\" class=\"elementor-nav-menu\"><li class=\"menu-item menu-item-type-post_type menu-item-object-page menu-item-9901\"><a href=\"https:\/\/bgfoods.ca\/fr-ca\/about\/history\/\" class=\"elementor-item\" tabindex=\"-1\">Historique de la soci\u00e9t\u00e9<\/a><\/li>\n<li class=\"menu-item menu-item-type-post_type menu-item-object-page menu-item-9902\"><a href=\"https:\/\/bgfoods.ca\/fr-ca\/about\/history\/acquisition-history\/\" class=\"elementor-item\" tabindex=\"-1\">Historique<\/a><\/li>\n<\/ul>\t\t\t<\/nav>\n\t\t\t\t\t\t<\/div>\n\t\t\t\t<\/div>\n\t\t\t\t\t<\/div>\n\t\t<\/div>\n\t\t\t\t\t<\/div>\n\t\t<\/section>\n\t\t\t\t<section class=\"elementor-section elementor-top-section elementor-element elementor-element-af669bb elementor-section-boxed elementor-section-height-default elementor-section-height-default\" data-id=\"af669bb\" data-element_type=\"section\">\n\t\t\t\t\t\t<div class=\"elementor-container elementor-column-gap-default\">\n\t\t\t\t\t<div class=\"elementor-column elementor-col-100 elementor-top-column elementor-element elementor-element-d3a259b container-wide\" data-id=\"d3a259b\" data-element_type=\"column\">\n\t\t\t<div class=\"elementor-widget-wrap elementor-element-populated\">\n\t\t\t\t\t\t<div class=\"elementor-element elementor-element-0c50933 elementor-widget elementor-widget-text-editor\" data-id=\"0c50933\" data-element_type=\"widget\" id=\"acquisition_history_intro\" data-widget_type=\"text-editor.default\">\n\t\t\t\t<div class=\"elementor-widget-container\">\n\t\t\t\t\t\t\t\t\t<p>L\u2019une de nos principales strat\u00e9gies consiste \u00e0 augmenter notre chiffre d\u2019affaires et nos b\u00e9n\u00e9fices en acqu\u00e9rant des marques compl\u00e9mentaires qui sont les plus pertinentes pour le consommateur d\u2019aujourd\u2019hui. Nous cherchons \u00e0 acqu\u00e9rir, \u00e0 des prix avantageux, des marques de produits de longue conservation, congel\u00e9es ou \u00e0 grignoter, avec une forte capitalisation, des positions de leader dans le march\u00e9, des marges \u00e9lev\u00e9es, des possibilit\u00e9s d\u2019expansion de la distribution et une solide rentabilit\u00e9.<\/p><p>Notre objectif est d\u2019am\u00e9liorer et de d\u00e9velopper les marques acquises en renfor\u00e7ant la gestion et l\u2019int\u00e9gration dans notre infrastructure bien \u00e9tablie de production, de vente, de distribution et d\u2019administration. Nous sommes convaincus de pouvoir poursuivre notre solide exp\u00e9rience d\u2019acquisition et d\u2019int\u00e9gration de marques r\u00e9ussies dans la famille B&amp;G Foods. Vous trouverez ci-dessous le calendrier de l\u2019acquisition des marques actuellement offertes par B&amp;G Foods Canada.<\/p>\t\t\t\t\t\t\t\t<\/div>\n\t\t\t\t<\/div>\n\t\t\t\t\t<\/div>\n\t\t<\/div>\n\t\t\t\t\t<\/div>\n\t\t<\/section>\n\t\t\t\t<section class=\"elementor-section elementor-top-section elementor-element elementor-element-03eff1c elementor-section-boxed elementor-section-height-default elementor-section-height-default\" data-id=\"03eff1c\" data-element_type=\"section\" data-settings=\"{&quot;background_background&quot;:&quot;classic&quot;}\">\n\t\t\t\t\t\t<div class=\"elementor-container elementor-column-gap-default\">\n\t\t\t\t\t<div class=\"elementor-column elementor-col-100 elementor-top-column elementor-element elementor-element-09de921\" data-id=\"09de921\" data-element_type=\"column\">\n\t\t\t<div class=\"elementor-widget-wrap elementor-element-populated\">\n\t\t\t\t\t\t<div class=\"elementor-element elementor-element-799f507 timeline elementor-widget elementor-widget-html\" data-id=\"799f507\" data-element_type=\"widget\" id=\"acquisition_history_timeline\" data-widget_type=\"html.default\">\n\t\t\t\t<div class=\"elementor-widget-container\">\n\t\t\t\t\t<div class=\"timeline__entry grid--1000\">\n    <div class=\"timeline__year\">\n      <h2 class=\"t-size-huge\"><span>1999<\/span><\/h2>\n    <\/div>\n    <div class=\"timeline__logos\">\n\n                 <div>\n          <a href=\"\/fr-ca\/brands\/underwood\/\">\n            <img decoding=\"async\" class=\"lazy\" data-original=\"\/wp-content\/uploads\/logounderwood.png\" src=\"\/wp-content\/uploads\/logounderwood.png\" alt=\"Underwood\">\n          <\/a>\n        <\/div>\n                  <div>\n          <a href=\"\/fr-ca\/brands\/accent\">\n            <img decoding=\"async\" class=\"lazy\" data-original=\"\/wp-content\/uploads\/logoaccent.png\" src=\"\/wp-content\/uploads\/logoaccent.png\" alt=\"Ac'cent\">\n          <\/a>\n        <\/div>\n              <\/div>\n  <\/div>\n      <div class=\"timeline__entry grid--1000\">\n    <div class=\"timeline__year\">\n      <h2 class=\"t-size-huge\"><span>2007<\/span><\/h2>\n    <\/div>\n    <div class=\"timeline__logos\">\n                  <div>\n          <a href=\"\/fr-ca\/brands\/cream-of-wheat\/\">\n            <img decoding=\"async\" class=\"lazy\" data-original=\"\/wp-content\/uploads\/logocreamofwheat.png\" src=\"\/wp-content\/uploads\/logocreamofwheat.png\" alt=\"Cream of Wheat\">\n          <\/a>\n        <\/div>\n              <\/div>\n  <\/div>\n\n      <div class=\"timeline__entry grid--1000\">\n    <div class=\"timeline__year\">\n      <h2 class=\"t-size-huge\"><span>2011<\/span><\/h2>\n    <\/div>\n    <div class=\"timeline__logos\">\n                  <div>\n          <a href=\"\/fr-ca\/brands\/dash\">\n            <img decoding=\"async\" class=\"lazy\" data-original=\"\/wp-content\/uploads\/logomrsdash.png\" src=\"\/wp-content\/uploads\/logomrsdash.png\" alt=\"Dash\u2122\">\n          <\/a>\n        <\/div>\n                  <div>\n          <a href=\"\/fr-ca\/brands\/static-guard\">\n            <img decoding=\"async\" class=\"lazy\" data-original=\"\/wp-content\/uploads\/logostaticguard.png\" src=\"\/wp-content\/uploads\/logostaticguard.png\" alt=\"Static Guard\">\n          <\/a>\n        <\/div>\n                  <div>\n          <a href=\"\/fr-ca\/brands\/sugar-twin\">\n            <img decoding=\"async\" class=\"lazy\" data-original=\"\/wp-content\/uploads\/logosugartwin.png\" src=\"\/wp-content\/uploads\/logosugartwin.png\" alt=\"Sugar Twin\">\n          <\/a>\n        <\/div>\n              <\/div>\n  <\/div>\n      <div class=\"timeline__entry grid--1000\">\n    <div class=\"timeline__year\">\n      <h2 class=\"t-size-huge\"><span>2012<\/span><\/h2>\n    <\/div>\n    <div class=\"timeline__logos\">\n                  <div>\n          <a href=\"\/fr-ca\/brands\/new-york-style\">\n            <img decoding=\"async\" class=\"lazy\" data-original=\"\/wp-content\/uploads\/logonewyorkstyle.png\" src=\"\/wp-content\/uploads\/logonewyorkstyle.png\" alt=\"New York Style\">\n          <\/a>\n        <\/div>\n              <\/div>\n  <\/div>\n      <div class=\"timeline__entry grid--1000\">\n    <div class=\"timeline__year\">\n      <h2 class=\"t-size-huge\"><span>2015<\/span><\/h2>\n    <\/div>\n    <div class=\"timeline__logos\">\n                  <div>\n          <a href=\"\/fr-ca\/brands\/green-giant\">\n            <img decoding=\"async\" class=\"lazy\" data-original=\"\/wp-content\/uploads\/logogreengiant.png\" src=\"\/wp-content\/uploads\/logogreengiant.png\" alt=\"Green Giant\">\n          <\/a>\n        <\/div>\n              <\/div>\n  <\/div>\n      <div class=\"timeline__entry grid--1000\">\n    <div class=\"timeline__year\">\n      <h2 class=\"t-size-huge\"><span>2016<\/span><\/h2>\n    <\/div>\n    <div class=\"timeline__logos\">\n                  <div>\n          <a href=\"\/fr-ca\/brands\/weber-sauces-seasonings\">\n            <img decoding=\"async\" class=\"lazy\" data-original=\"\/wp-content\/uploads\/logoweber.png\" src=\"\/wp-content\/uploads\/logoweber.png\" alt=\"Weber Sauces &amp; Seasonings\">\n          <\/a>\n        <\/div>\n                  <div>\n          <a href=\"\/fr-ca\/brands\/victoria\">\n            <img decoding=\"async\" class=\"lazy\" data-original=\"\/wp-content\/uploads\/logovictoria.png\" src=\"\/wp-content\/uploads\/logovictoria.png\" alt=\"Victoria\">\n          <\/a>\n        <\/div>\n              <\/div>\n  <\/div>\n  <\/div>\t\t\t\t<\/div>\n\t\t\t\t<\/div>\n\t\t\t\t\t<\/div>\n\t\t<\/div>\n\t\t\t\t\t<\/div>\n\t\t<\/section>\n\t\t\t\t<\/div>\n\t\t","protected":false},"excerpt":{"rendered":"<p>Notre histoire De vendeurs de cornichons dans les rues de Manhattan \u00e0 multinationale. Historique de la soci\u00e9t\u00e9 Historique d\u2019acquisition L\u2019une de nos principales strat\u00e9gies consiste \u00e0 augmenter notre chiffre d\u2019affaires et nos b\u00e9n\u00e9fices en acqu\u00e9rant des marques compl\u00e9mentaires qui sont les plus pertinentes pour le consommateur d\u2019aujourd\u2019hui. Nous cherchons \u00e0 acqu\u00e9rir, \u00e0 des prix avantageux, [&hellip;]<\/p>\n","protected":false},"author":9,"featured_media":0,"parent":9039,"menu_order":0,"comment_status":"closed","ping_status":"closed","template":"elementor_header_footer","meta":{"_acf_changed":false,"footnotes":""},"class_list":["post-9040","page","type-page","status-publish","hentry"],"acf":[],"yoast_head":"<!-- This site is optimized with the Yoast SEO Premium plugin v27.0 (Yoast SEO v27.0) - https:\/\/yoast.com\/product\/yoast-seo-premium-wordpress\/ -->\n<title>Historique - B&amp;G Foods<\/title>\n<meta name=\"robots\" content=\"index, follow, max-snippet:-1, max-image-preview:large, max-video-preview:-1\" \/>\n<link rel=\"canonical\" href=\"https:\/\/bgfoods.ca\/fr-ca\/about\/history\/acquisition-history\/\" \/>\n<meta property=\"og:locale\" content=\"fr_CA\" \/>\n<meta property=\"og:type\" content=\"article\" \/>\n<meta property=\"og:title\" content=\"Historique\" \/>\n<meta property=\"og:description\" content=\"Notre histoire De vendeurs de cornichons dans les rues de Manhattan \u00e0 multinationale. Historique de la soci\u00e9t\u00e9 Historique d\u2019acquisition L\u2019une de nos\" \/>\n<meta property=\"og:url\" content=\"https:\/\/bgfoods.ca\/fr-ca\/about\/history\/acquisition-history\/\" \/>\n<meta property=\"og:site_name\" content=\"B&amp;G Foods\" \/>\n<meta property=\"article:modified_time\" content=\"2026-01-23T18:11:30+00:00\" \/>\n<meta property=\"og:image\" content=\"https:\/\/bgfoods.ca\/wp-content\/uploads\/default-og-image.jpg\" \/>\n\t<meta property=\"og:image:width\" content=\"1200\" \/>\n\t<meta property=\"og:image:height\" content=\"630\" \/>\n\t<meta property=\"og:image:type\" content=\"image\/jpeg\" \/>\n<meta name=\"twitter:card\" content=\"summary_large_image\" \/>\n<meta name=\"twitter:label1\" content=\"Estimation du temps de lecture\" \/>\n\t<meta name=\"twitter:data1\" content=\"3 minutes\" \/>\n<script type=\"application\/ld+json\" class=\"yoast-schema-graph\">{\"@context\":\"https:\/\/schema.org\",\"@graph\":[{\"@type\":\"WebPage\",\"@id\":\"https:\/\/bgfoods.ca\/fr-ca\/about\/history\/acquisition-history\/\",\"url\":\"https:\/\/bgfoods.ca\/fr-ca\/about\/history\/acquisition-history\/\",\"name\":\"Historique - B&amp;G Foods\",\"isPartOf\":{\"@id\":\"https:\/\/bgfoods.ca\/#website\"},\"datePublished\":\"2020-12-31T19:37:54+00:00\",\"dateModified\":\"2026-01-23T18:11:30+00:00\",\"breadcrumb\":{\"@id\":\"https:\/\/bgfoods.ca\/fr-ca\/about\/history\/acquisition-history\/#breadcrumb\"},\"inLanguage\":\"fr-CA\",\"potentialAction\":[{\"@type\":\"ReadAction\",\"target\":[\"https:\/\/bgfoods.ca\/fr-ca\/about\/history\/acquisition-history\/\"]}]},{\"@type\":\"BreadcrumbList\",\"@id\":\"https:\/\/bgfoods.ca\/fr-ca\/about\/history\/acquisition-history\/#breadcrumb\",\"itemListElement\":[{\"@type\":\"ListItem\",\"position\":1,\"name\":\"Home\",\"item\":\"https:\/\/bgfoods.ca\/fr-ca\/\"},{\"@type\":\"ListItem\",\"position\":2,\"name\":\"\u00c0 propos de nous\",\"item\":\"https:\/\/bgfoods.ca\/fr-ca\/about\/\"},{\"@type\":\"ListItem\",\"position\":3,\"name\":\"Historique\",\"item\":\"https:\/\/bgfoods.ca\/fr-ca\/about\/history\/\"},{\"@type\":\"ListItem\",\"position\":4,\"name\":\"Historique\"}]},{\"@type\":\"WebSite\",\"@id\":\"https:\/\/bgfoods.ca\/#website\",\"url\":\"https:\/\/bgfoods.ca\/\",\"name\":\"B&amp;G Foods\",\"description\":\"B&amp;G Foods has been making great-tasting, high-quality foods that you can feel good about feeding your family since the 1800s.\",\"publisher\":{\"@id\":\"https:\/\/bgfoods.ca\/#organization\"},\"potentialAction\":[{\"@type\":\"SearchAction\",\"target\":{\"@type\":\"EntryPoint\",\"urlTemplate\":\"https:\/\/bgfoods.ca\/?s={search_term_string}\"},\"query-input\":{\"@type\":\"PropertyValueSpecification\",\"valueRequired\":true,\"valueName\":\"search_term_string\"}}],\"inLanguage\":\"fr-CA\"},{\"@type\":\"Organization\",\"@id\":\"https:\/\/bgfoods.ca\/#organization\",\"name\":\"B&G Foods Canada\",\"url\":\"https:\/\/bgfoods.ca\/\",\"logo\":{\"@type\":\"ImageObject\",\"inLanguage\":\"fr-CA\",\"@id\":\"https:\/\/bgfoods.ca\/#\/schema\/logo\/image\/\",\"url\":\"https:\/\/bgfoods.ca\/wp-content\/uploads\/cropped-bg-logo-ca.jpg\",\"contentUrl\":\"https:\/\/bgfoods.ca\/wp-content\/uploads\/cropped-bg-logo-ca.jpg\",\"width\":400,\"height\":200,\"caption\":\"B&G Foods Canada\"},\"image\":{\"@id\":\"https:\/\/bgfoods.ca\/#\/schema\/logo\/image\/\"}}]}<\/script>\n<!-- \/ Yoast SEO Premium plugin. -->","yoast_head_json":{"title":"Historique - B&amp;G Foods","robots":{"index":"index","follow":"follow","max-snippet":"max-snippet:-1","max-image-preview":"max-image-preview:large","max-video-preview":"max-video-preview:-1"},"canonical":"https:\/\/bgfoods.ca\/fr-ca\/about\/history\/acquisition-history\/","og_locale":"fr_CA","og_type":"article","og_title":"Historique","og_description":"Notre histoire De vendeurs de cornichons dans les rues de Manhattan \u00e0 multinationale. Historique de la soci\u00e9t\u00e9 Historique d\u2019acquisition L\u2019une de nos","og_url":"https:\/\/bgfoods.ca\/fr-ca\/about\/history\/acquisition-history\/","og_site_name":"B&amp;G Foods","article_modified_time":"2026-01-23T18:11:30+00:00","og_image":[{"width":1200,"height":630,"url":"https:\/\/bgfoods.ca\/wp-content\/uploads\/default-og-image.jpg","type":"image\/jpeg"}],"twitter_card":"summary_large_image","twitter_misc":{"Estimation du temps de lecture":"3 minutes"},"schema":{"@context":"https:\/\/schema.org","@graph":[{"@type":"WebPage","@id":"https:\/\/bgfoods.ca\/fr-ca\/about\/history\/acquisition-history\/","url":"https:\/\/bgfoods.ca\/fr-ca\/about\/history\/acquisition-history\/","name":"Historique - B&amp;G Foods","isPartOf":{"@id":"https:\/\/bgfoods.ca\/#website"},"datePublished":"2020-12-31T19:37:54+00:00","dateModified":"2026-01-23T18:11:30+00:00","breadcrumb":{"@id":"https:\/\/bgfoods.ca\/fr-ca\/about\/history\/acquisition-history\/#breadcrumb"},"inLanguage":"fr-CA","potentialAction":[{"@type":"ReadAction","target":["https:\/\/bgfoods.ca\/fr-ca\/about\/history\/acquisition-history\/"]}]},{"@type":"BreadcrumbList","@id":"https:\/\/bgfoods.ca\/fr-ca\/about\/history\/acquisition-history\/#breadcrumb","itemListElement":[{"@type":"ListItem","position":1,"name":"Home","item":"https:\/\/bgfoods.ca\/fr-ca\/"},{"@type":"ListItem","position":2,"name":"\u00c0 propos de nous","item":"https:\/\/bgfoods.ca\/fr-ca\/about\/"},{"@type":"ListItem","position":3,"name":"Historique","item":"https:\/\/bgfoods.ca\/fr-ca\/about\/history\/"},{"@type":"ListItem","position":4,"name":"Historique"}]},{"@type":"WebSite","@id":"https:\/\/bgfoods.ca\/#website","url":"https:\/\/bgfoods.ca\/","name":"B&amp;G Foods","description":"B&amp;G Foods has been making great-tasting, high-quality foods that you can feel good about feeding your family since the 1800s.","publisher":{"@id":"https:\/\/bgfoods.ca\/#organization"},"potentialAction":[{"@type":"SearchAction","target":{"@type":"EntryPoint","urlTemplate":"https:\/\/bgfoods.ca\/?s={search_term_string}"},"query-input":{"@type":"PropertyValueSpecification","valueRequired":true,"valueName":"search_term_string"}}],"inLanguage":"fr-CA"},{"@type":"Organization","@id":"https:\/\/bgfoods.ca\/#organization","name":"B&G Foods Canada","url":"https:\/\/bgfoods.ca\/","logo":{"@type":"ImageObject","inLanguage":"fr-CA","@id":"https:\/\/bgfoods.ca\/#\/schema\/logo\/image\/","url":"https:\/\/bgfoods.ca\/wp-content\/uploads\/cropped-bg-logo-ca.jpg","contentUrl":"https:\/\/bgfoods.ca\/wp-content\/uploads\/cropped-bg-logo-ca.jpg","width":400,"height":200,"caption":"B&G Foods Canada"},"image":{"@id":"https:\/\/bgfoods.ca\/#\/schema\/logo\/image\/"}}]}},"_links":{"self":[{"href":"https:\/\/bgfoods.ca\/fr-ca\/wp-json\/wp\/v2\/pages\/9040","targetHints":{"allow":["GET"]}}],"collection":[{"href":"https:\/\/bgfoods.ca\/fr-ca\/wp-json\/wp\/v2\/pages"}],"about":[{"href":"https:\/\/bgfoods.ca\/fr-ca\/wp-json\/wp\/v2\/types\/page"}],"author":[{"embeddable":true,"href":"https:\/\/bgfoods.ca\/fr-ca\/wp-json\/wp\/v2\/users\/9"}],"replies":[{"embeddable":true,"href":"https:\/\/bgfoods.ca\/fr-ca\/wp-json\/wp\/v2\/comments?post=9040"}],"version-history":[{"count":0,"href":"https:\/\/bgfoods.ca\/fr-ca\/wp-json\/wp\/v2\/pages\/9040\/revisions"}],"up":[{"embeddable":true,"href":"https:\/\/bgfoods.ca\/fr-ca\/wp-json\/wp\/v2\/pages\/9039"}],"wp:attachment":[{"href":"https:\/\/bgfoods.ca\/fr-ca\/wp-json\/wp\/v2\/media?parent=9040"}],"curies":[{"name":"wp","href":"https:\/\/api.w.org\/{rel}","templated":true}]}}