{"id":9043,"date":"2020-12-31T14:40:20","date_gmt":"2020-12-31T19:40:20","guid":{"rendered":"https:\/\/bgfoodsca.wpengine.com\/carrieres\/"},"modified":"2021-01-05T16:27:42","modified_gmt":"2021-01-05T21:27:42","slug":"careers","status":"publish","type":"page","link":"https:\/\/bgfoods.ca\/fr-ca\/careers\/","title":{"rendered":"Carri\u00e8res"},"content":{"rendered":"\t\t<div data-elementor-type=\"wp-page\" data-elementor-id=\"9043\" class=\"elementor elementor-9043 elementor-8191\" data-elementor-post-type=\"page\">\n\t\t\t\t\t\t<section class=\"elementor-section elementor-top-section elementor-element elementor-element-f8891d1 elementor-section-stretched elementor-section-boxed elementor-section-height-default elementor-section-height-default\" data-id=\"f8891d1\" data-element_type=\"section\" data-settings=\"{&quot;background_background&quot;:&quot;classic&quot;,&quot;stretch_section&quot;:&quot;section-stretched&quot;,&quot;animation&quot;:&quot;none&quot;}\">\n\t\t\t\t\t\t\t<div class=\"elementor-background-overlay\"><\/div>\n\t\t\t\t\t\t\t<div class=\"elementor-container elementor-column-gap-default\">\n\t\t\t\t\t<div class=\"elementor-column elementor-col-100 elementor-top-column elementor-element elementor-element-88b3280\" data-id=\"88b3280\" data-element_type=\"column\">\n\t\t\t<div class=\"elementor-widget-wrap elementor-element-populated\">\n\t\t\t\t\t\t<div class=\"elementor-element elementor-element-d231414 elementor-widget elementor-widget-heading\" data-id=\"d231414\" data-element_type=\"widget\" data-widget_type=\"heading.default\">\n\t\t\t\t<div class=\"elementor-widget-container\">\n\t\t\t\t\t<h2 class=\"elementor-heading-title elementor-size-default\">Votre carri\u00e8re chez B&amp;G Foods Canada<\/h2>\t\t\t\t<\/div>\n\t\t\t\t<\/div>\n\t\t\t\t<div class=\"elementor-element elementor-element-f63bc7a elementor-widget elementor-widget-text-editor\" data-id=\"f63bc7a\" data-element_type=\"widget\" data-widget_type=\"text-editor.default\">\n\t\t\t\t<div class=\"elementor-widget-container\">\n\t\t\t\t\t\t\t\t\tNous sommes une entreprise en pleine croissance qui se pr\u00e9occupe des petites choses. Notre souci du d\u00e9tail nous permet d\u2019\u00e9quilibrer notre croissance avec la touche personnelle qui fait de nous une entreprise de premier ordre.\t\t\t\t\t\t\t\t<\/div>\n\t\t\t\t<\/div>\n\t\t\t\t\t<\/div>\n\t\t<\/div>\n\t\t\t\t\t<\/div>\n\t\t<\/section>\n\t\t\t\t<section class=\"elementor-section elementor-top-section elementor-element elementor-element-af669bb elementor-section-boxed elementor-section-height-default elementor-section-height-default\" data-id=\"af669bb\" data-element_type=\"section\">\n\t\t\t\t\t\t<div class=\"elementor-container elementor-column-gap-default\">\n\t\t\t\t\t<div class=\"elementor-column elementor-col-100 elementor-top-column elementor-element elementor-element-d3a259b container-wide\" data-id=\"d3a259b\" data-element_type=\"column\">\n\t\t\t<div class=\"elementor-widget-wrap elementor-element-populated\">\n\t\t\t\t\t\t<section class=\"elementor-section elementor-inner-section elementor-element elementor-element-5699a2d elementor-section-boxed elementor-section-height-default elementor-section-height-default\" data-id=\"5699a2d\" data-element_type=\"section\">\n\t\t\t\t\t\t<div class=\"elementor-container elementor-column-gap-no\">\n\t\t\t\t\t<div class=\"elementor-column elementor-col-50 elementor-inner-column elementor-element elementor-element-e41ee8a\" data-id=\"e41ee8a\" data-element_type=\"column\">\n\t\t\t<div class=\"elementor-widget-wrap elementor-element-populated\">\n\t\t\t\t\t\t<div class=\"elementor-element elementor-element-9e989fc elementor-widget elementor-widget-image\" data-id=\"9e989fc\" data-element_type=\"widget\" data-widget_type=\"image.default\">\n\t\t\t\t<div class=\"elementor-widget-container\">\n\t\t\t\t\t\t\t\t\t\t\t\t\t\t\t<img fetchpriority=\"high\" decoding=\"async\" width=\"800\" height=\"531\" src=\"https:\/\/bgfoods.ca\/wp-content\/uploads\/why-choose-us-img-1024x680.jpg\" class=\"attachment-large size-large wp-image-9077\" alt=\"\" srcset=\"https:\/\/bgfoods.ca\/wp-content\/uploads\/why-choose-us-img-1024x680.jpg 1024w, https:\/\/bgfoods.ca\/wp-content\/uploads\/why-choose-us-img-300x199.jpg 300w, https:\/\/bgfoods.ca\/wp-content\/uploads\/why-choose-us-img-768x510.jpg 768w, https:\/\/bgfoods.ca\/wp-content\/uploads\/why-choose-us-img-600x398.jpg 600w, https:\/\/bgfoods.ca\/wp-content\/uploads\/why-choose-us-img.jpg 1280w\" sizes=\"(max-width: 800px) 100vw, 800px\" \/>\t\t\t\t\t\t\t\t\t\t\t\t\t\t\t<\/div>\n\t\t\t\t<\/div>\n\t\t\t\t\t<\/div>\n\t\t<\/div>\n\t\t\t\t<div class=\"elementor-column elementor-col-50 elementor-inner-column elementor-element elementor-element-18d6d15\" data-id=\"18d6d15\" data-element_type=\"column\">\n\t\t\t<div class=\"elementor-widget-wrap elementor-element-populated\">\n\t\t\t\t\t\t<div class=\"elementor-element elementor-element-e86b5a7 t-style-underline elementor-widget elementor-widget-heading\" data-id=\"e86b5a7\" data-element_type=\"widget\" data-widget_type=\"heading.default\">\n\t\t\t\t<div class=\"elementor-widget-container\">\n\t\t\t\t\t<h2 class=\"elementor-heading-title elementor-size-xl\">Pourquoi nous choisir?<\/h2>\t\t\t\t<\/div>\n\t\t\t\t<\/div>\n\t\t\t\t<div class=\"elementor-element elementor-element-e3323b4 elementor-widget elementor-widget-text-editor\" data-id=\"e3323b4\" data-element_type=\"widget\" data-widget_type=\"text-editor.default\">\n\t\t\t\t<div class=\"elementor-widget-container\">\n\t\t\t\t\t\t\t\t\t<p>Tout commence avec nos <a href=\"\/fr-ca\/about\/our-company\">valeurs fondamentales<\/a>. Nous croyons qu\u2019il faut r\u00e9compenser le travail acharn\u00e9 par un salaire et des avantages concurrentiels. Nous accueillons la diversit\u00e9 et valorisons les similitudes et les diff\u00e9rences de nos employ\u00e9s. Nous permettons \u00e0 nos employ\u00e9s de se <a href=\"\/fr-ca\/careers\/why-choose-bg-foods\">d\u00e9velopper professionnellement<\/a> et nous les encourageons \u00e0 le faire.<\/p>\t\t\t\t\t\t\t\t<\/div>\n\t\t\t\t<\/div>\n\t\t\t\t<div class=\"elementor-element elementor-element-4e5ff8f bg-red-btn elementor-widget elementor-widget-button\" data-id=\"4e5ff8f\" data-element_type=\"widget\" data-widget_type=\"button.default\">\n\t\t\t\t<div class=\"elementor-widget-container\">\n\t\t\t\t\t\t\t\t\t<div class=\"elementor-button-wrapper\">\n\t\t\t\t\t<a class=\"elementor-button elementor-button-link elementor-size-sm\" href=\"\/fr-ca\/careers\/why-choose-bg-foods\">\n\t\t\t\t\t\t<span class=\"elementor-button-content-wrapper\">\n\t\t\t\t\t\t\t\t\t<span class=\"elementor-button-text\">pour en savoir davantage<\/span>\n\t\t\t\t\t<\/span>\n\t\t\t\t\t<\/a>\n\t\t\t\t<\/div>\n\t\t\t\t\t\t\t\t<\/div>\n\t\t\t\t<\/div>\n\t\t\t\t\t<\/div>\n\t\t<\/div>\n\t\t\t\t\t<\/div>\n\t\t<\/section>\n\t\t\t\t\t<\/div>\n\t\t<\/div>\n\t\t\t\t\t<\/div>\n\t\t<\/section>\n\t\t\t\t<section class=\"elementor-section elementor-top-section elementor-element elementor-element-0207d2a elementor-section-boxed elementor-section-height-default elementor-section-height-default\" data-id=\"0207d2a\" data-element_type=\"section\" data-settings=\"{&quot;background_background&quot;:&quot;classic&quot;}\">\n\t\t\t\t\t\t<div class=\"elementor-container elementor-column-gap-no\">\n\t\t\t\t\t<div class=\"elementor-column elementor-col-100 elementor-top-column elementor-element elementor-element-f425f9d container-wide\" data-id=\"f425f9d\" data-element_type=\"column\">\n\t\t\t<div class=\"elementor-widget-wrap elementor-element-populated\">\n\t\t\t\t\t\t<section class=\"elementor-section elementor-inner-section elementor-element elementor-element-05a275e elementor-reverse-mobile elementor-section-boxed elementor-section-height-default elementor-section-height-default\" data-id=\"05a275e\" data-element_type=\"section\">\n\t\t\t\t\t\t<div class=\"elementor-container elementor-column-gap-default\">\n\t\t\t\t\t<div class=\"elementor-column elementor-col-100 elementor-inner-column elementor-element elementor-element-3712018\" data-id=\"3712018\" data-element_type=\"column\">\n\t\t\t<div class=\"elementor-widget-wrap elementor-element-populated\">\n\t\t\t\t\t\t<div class=\"elementor-element elementor-element-e2bd10f t-style-underline elementor-widget elementor-widget-heading\" data-id=\"e2bd10f\" data-element_type=\"widget\" data-widget_type=\"heading.default\">\n\t\t\t\t<div class=\"elementor-widget-container\">\n\t\t\t\t\t<h3 class=\"elementor-heading-title elementor-size-large\">Vous \u00eates pr\u00eats \u00e0 faire partie de quelque chose de sp\u00e9cial?<\/h3>\t\t\t\t<\/div>\n\t\t\t\t<\/div>\n\t\t\t\t<div class=\"elementor-element elementor-element-2c8bcea bg-red-btn elementor-align-center elementor-widget elementor-widget-button\" data-id=\"2c8bcea\" data-element_type=\"widget\" data-widget_type=\"button.default\">\n\t\t\t\t<div class=\"elementor-widget-container\">\n\t\t\t\t\t\t\t\t\t<div class=\"elementor-button-wrapper\">\n\t\t\t\t\t<a class=\"elementor-button elementor-button-link elementor-size-sm\" href=\"https:\/\/workforcenow.adp.com\/mascsr\/default\/mdf\/recruitment\/recruitment.html?cid=01f0dd6f-2b34-428d-a76b-acad79a875eb\" target=\"_blank\">\n\t\t\t\t\t\t<span class=\"elementor-button-content-wrapper\">\n\t\t\t\t\t\t\t\t\t<span class=\"elementor-button-text\">joignez-vous \u00e0 notre famille<\/span>\n\t\t\t\t\t<\/span>\n\t\t\t\t\t<\/a>\n\t\t\t\t<\/div>\n\t\t\t\t\t\t\t\t<\/div>\n\t\t\t\t<\/div>\n\t\t\t\t\t<\/div>\n\t\t<\/div>\n\t\t\t\t\t<\/div>\n\t\t<\/section>\n\t\t\t\t\t<\/div>\n\t\t<\/div>\n\t\t\t\t\t<\/div>\n\t\t<\/section>\n\t\t\t\t<section class=\"elementor-section elementor-top-section elementor-element elementor-element-a28d9e9 elementor-section-boxed elementor-section-height-default elementor-section-height-default\" data-id=\"a28d9e9\" data-element_type=\"section\" data-settings=\"{&quot;background_background&quot;:&quot;classic&quot;}\">\n\t\t\t\t\t\t<div class=\"elementor-container elementor-column-gap-no\">\n\t\t\t\t\t<div class=\"elementor-column elementor-col-100 elementor-top-column elementor-element elementor-element-95e7639 container-wide\" data-id=\"95e7639\" data-element_type=\"column\">\n\t\t\t<div class=\"elementor-widget-wrap elementor-element-populated\">\n\t\t\t\t\t\t<section class=\"elementor-section elementor-inner-section elementor-element elementor-element-0d685a7 elementor-section-boxed elementor-section-height-default elementor-section-height-default\" data-id=\"0d685a7\" data-element_type=\"section\">\n\t\t\t\t\t\t<div class=\"elementor-container elementor-column-gap-default\">\n\t\t\t\t\t<div class=\"elementor-column elementor-col-50 elementor-inner-column elementor-element elementor-element-8b018c2\" data-id=\"8b018c2\" data-element_type=\"column\">\n\t\t\t<div class=\"elementor-widget-wrap elementor-element-populated\">\n\t\t\t\t\t\t<div class=\"elementor-element elementor-element-f1e2b0e t-style-underline elementor-widget elementor-widget-heading\" data-id=\"f1e2b0e\" data-element_type=\"widget\" data-widget_type=\"heading.default\">\n\t\t\t\t<div class=\"elementor-widget-container\">\n\t\t\t\t\t<h2 class=\"elementor-heading-title elementor-size-xl\">C\u2019est comment, travailler ici?<\/h2>\t\t\t\t<\/div>\n\t\t\t\t<\/div>\n\t\t\t\t<div class=\"elementor-element elementor-element-fa0a92d elementor-widget elementor-widget-text-editor\" data-id=\"fa0a92d\" data-element_type=\"widget\" data-widget_type=\"text-editor.default\">\n\t\t\t\t<div class=\"elementor-widget-container\">\n\t\t\t\t\t\t\t\t\t<p>Notre culture en est une de collaboration. Nous travaillons ensemble pour donner vie \u00e0 des <a href=\"\/fr-ca\/brands\">marques<\/a> embl\u00e9matiques. Pour ce faire, nous avons besoin des meilleures personnes, de personnes encore plus talentueuses que nous. Des personnes qui veulent faire partie d\u2019une \u00e9quipe et s\u2019identifient \u00e0 l\u2019adage \u00ab travailler dur, jouer intens\u00e9ment \u00bb. \u00c7a vous ressemble?<\/p>\t\t\t\t\t\t\t\t<\/div>\n\t\t\t\t<\/div>\n\t\t\t\t<div class=\"elementor-element elementor-element-389224c bg-red-btn elementor-widget elementor-widget-button\" data-id=\"389224c\" data-element_type=\"widget\" data-widget_type=\"button.default\">\n\t\t\t\t<div class=\"elementor-widget-container\">\n\t\t\t\t\t\t\t\t\t<div class=\"elementor-button-wrapper\">\n\t\t\t\t\t<a class=\"elementor-button elementor-button-link elementor-size-sm\" href=\"\/fr-ca\/careers\/working-here\">\n\t\t\t\t\t\t<span class=\"elementor-button-content-wrapper\">\n\t\t\t\t\t\t\t\t\t<span class=\"elementor-button-text\">d\u00e9couvrez comment c\u2019est, travailler ici<\/span>\n\t\t\t\t\t<\/span>\n\t\t\t\t\t<\/a>\n\t\t\t\t<\/div>\n\t\t\t\t\t\t\t\t<\/div>\n\t\t\t\t<\/div>\n\t\t\t\t\t<\/div>\n\t\t<\/div>\n\t\t\t\t<div class=\"elementor-column elementor-col-50 elementor-inner-column elementor-element elementor-element-e843e54\" data-id=\"e843e54\" data-element_type=\"column\">\n\t\t\t<div class=\"elementor-widget-wrap elementor-element-populated\">\n\t\t\t\t\t\t<div class=\"elementor-element elementor-element-82520a7 elementor-widget elementor-widget-image\" data-id=\"82520a7\" data-element_type=\"widget\" data-widget_type=\"image.default\">\n\t\t\t\t<div class=\"elementor-widget-container\">\n\t\t\t\t\t\t\t\t\t\t\t\t\t\t\t<img decoding=\"async\" width=\"800\" height=\"531\" src=\"https:\/\/bgfoods.ca\/wp-content\/uploads\/working-here-2x-1024x680.jpg\" class=\"attachment-large size-large wp-image-9033\" alt=\"\" srcset=\"https:\/\/bgfoods.ca\/wp-content\/uploads\/working-here-2x-1024x680.jpg 1024w, https:\/\/bgfoods.ca\/wp-content\/uploads\/working-here-2x-300x199.jpg 300w, https:\/\/bgfoods.ca\/wp-content\/uploads\/working-here-2x-768x510.jpg 768w, https:\/\/bgfoods.ca\/wp-content\/uploads\/working-here-2x-600x398.jpg 600w, https:\/\/bgfoods.ca\/wp-content\/uploads\/working-here-2x.jpg 1280w\" sizes=\"(max-width: 800px) 100vw, 800px\" \/>\t\t\t\t\t\t\t\t\t\t\t\t\t\t\t<\/div>\n\t\t\t\t<\/div>\n\t\t\t\t\t<\/div>\n\t\t<\/div>\n\t\t\t\t\t<\/div>\n\t\t<\/section>\n\t\t\t\t\t<\/div>\n\t\t<\/div>\n\t\t\t\t\t<\/div>\n\t\t<\/section>\n\t\t\t\t<\/div>\n\t\t","protected":false},"excerpt":{"rendered":"<p>Votre carri\u00e8re chez B&#038;G Foods Canada Nous sommes une entreprise en pleine croissance qui se pr\u00e9occupe des petites choses. Notre souci du d\u00e9tail nous permet d\u2019\u00e9quilibrer notre croissance avec la touche personnelle qui fait de nous une entreprise de premier ordre. Pourquoi nous choisir? Tout commence avec nos valeurs fondamentales. Nous croyons qu\u2019il faut r\u00e9compenser [&hellip;]<\/p>\n","protected":false},"author":21,"featured_media":0,"parent":0,"menu_order":0,"comment_status":"closed","ping_status":"closed","template":"elementor_header_footer","meta":{"_acf_changed":false,"footnotes":""},"class_list":["post-9043","page","type-page","status-publish","hentry"],"acf":[],"yoast_head":"<!-- This site is optimized with the Yoast SEO Premium plugin v27.0 (Yoast SEO v27.0) - https:\/\/yoast.com\/product\/yoast-seo-premium-wordpress\/ -->\n<title>Carri\u00e8res - B&amp;G Foods<\/title>\n<meta name=\"robots\" content=\"index, follow, max-snippet:-1, max-image-preview:large, max-video-preview:-1\" \/>\n<link rel=\"canonical\" href=\"https:\/\/bgfoods.ca\/fr-ca\/careers\/\" \/>\n<meta property=\"og:locale\" content=\"fr_CA\" \/>\n<meta property=\"og:type\" content=\"article\" \/>\n<meta property=\"og:title\" content=\"Carri\u00e8res\" \/>\n<meta property=\"og:description\" content=\"Votre carri\u00e8re chez B&amp;G Foods Canada Nous sommes une entreprise en pleine croissance qui se pr\u00e9occupe des petites choses. Notre souci du d\u00e9tail nous\" \/>\n<meta property=\"og:url\" content=\"https:\/\/bgfoods.ca\/fr-ca\/careers\/\" \/>\n<meta property=\"og:site_name\" content=\"B&amp;G Foods\" \/>\n<meta property=\"article:modified_time\" content=\"2021-01-05T21:27:42+00:00\" \/>\n<meta property=\"og:image\" content=\"https:\/\/bgfoodsca.wpengine.com\/wp-content\/uploads\/why-choose-us-img-1024x680.jpg\" \/>\n<meta name=\"twitter:card\" content=\"summary_large_image\" \/>\n<meta name=\"twitter:label1\" content=\"Estimation du temps de lecture\" \/>\n\t<meta name=\"twitter:data1\" content=\"1 minute\" \/>\n<script type=\"application\/ld+json\" class=\"yoast-schema-graph\">{\"@context\":\"https:\/\/schema.org\",\"@graph\":[{\"@type\":\"WebPage\",\"@id\":\"https:\/\/bgfoods.ca\/fr-ca\/careers\/\",\"url\":\"https:\/\/bgfoods.ca\/fr-ca\/careers\/\",\"name\":\"Carri\u00e8res - B&amp;G Foods\",\"isPartOf\":{\"@id\":\"https:\/\/bgfoods.ca\/#website\"},\"primaryImageOfPage\":{\"@id\":\"https:\/\/bgfoods.ca\/fr-ca\/careers\/#primaryimage\"},\"image\":{\"@id\":\"https:\/\/bgfoods.ca\/fr-ca\/careers\/#primaryimage\"},\"thumbnailUrl\":\"https:\/\/bgfoodsca.wpengine.com\/wp-content\/uploads\/why-choose-us-img-1024x680.jpg\",\"datePublished\":\"2020-12-31T19:40:20+00:00\",\"dateModified\":\"2021-01-05T21:27:42+00:00\",\"breadcrumb\":{\"@id\":\"https:\/\/bgfoods.ca\/fr-ca\/careers\/#breadcrumb\"},\"inLanguage\":\"fr-CA\",\"potentialAction\":[{\"@type\":\"ReadAction\",\"target\":[\"https:\/\/bgfoods.ca\/fr-ca\/careers\/\"]}]},{\"@type\":\"ImageObject\",\"inLanguage\":\"fr-CA\",\"@id\":\"https:\/\/bgfoods.ca\/fr-ca\/careers\/#primaryimage\",\"url\":\"https:\/\/bgfoodsca.wpengine.com\/wp-content\/uploads\/why-choose-us-img-1024x680.jpg\",\"contentUrl\":\"https:\/\/bgfoodsca.wpengine.com\/wp-content\/uploads\/why-choose-us-img-1024x680.jpg\"},{\"@type\":\"BreadcrumbList\",\"@id\":\"https:\/\/bgfoods.ca\/fr-ca\/careers\/#breadcrumb\",\"itemListElement\":[{\"@type\":\"ListItem\",\"position\":1,\"name\":\"Home\",\"item\":\"https:\/\/bgfoods.ca\/fr-ca\/\"},{\"@type\":\"ListItem\",\"position\":2,\"name\":\"Carri\u00e8res\"}]},{\"@type\":\"WebSite\",\"@id\":\"https:\/\/bgfoods.ca\/#website\",\"url\":\"https:\/\/bgfoods.ca\/\",\"name\":\"B&amp;G Foods\",\"description\":\"B&amp;G Foods has been making great-tasting, high-quality foods that you can feel good about feeding your family since the 1800s.\",\"publisher\":{\"@id\":\"https:\/\/bgfoods.ca\/#organization\"},\"potentialAction\":[{\"@type\":\"SearchAction\",\"target\":{\"@type\":\"EntryPoint\",\"urlTemplate\":\"https:\/\/bgfoods.ca\/?s={search_term_string}\"},\"query-input\":{\"@type\":\"PropertyValueSpecification\",\"valueRequired\":true,\"valueName\":\"search_term_string\"}}],\"inLanguage\":\"fr-CA\"},{\"@type\":\"Organization\",\"@id\":\"https:\/\/bgfoods.ca\/#organization\",\"name\":\"B&G Foods Canada\",\"url\":\"https:\/\/bgfoods.ca\/\",\"logo\":{\"@type\":\"ImageObject\",\"inLanguage\":\"fr-CA\",\"@id\":\"https:\/\/bgfoods.ca\/#\/schema\/logo\/image\/\",\"url\":\"https:\/\/bgfoods.ca\/wp-content\/uploads\/cropped-bg-logo-ca.jpg\",\"contentUrl\":\"https:\/\/bgfoods.ca\/wp-content\/uploads\/cropped-bg-logo-ca.jpg\",\"width\":400,\"height\":200,\"caption\":\"B&G Foods Canada\"},\"image\":{\"@id\":\"https:\/\/bgfoods.ca\/#\/schema\/logo\/image\/\"}}]}<\/script>\n<!-- \/ Yoast SEO Premium plugin. -->","yoast_head_json":{"title":"Carri\u00e8res - B&amp;G Foods","robots":{"index":"index","follow":"follow","max-snippet":"max-snippet:-1","max-image-preview":"max-image-preview:large","max-video-preview":"max-video-preview:-1"},"canonical":"https:\/\/bgfoods.ca\/fr-ca\/careers\/","og_locale":"fr_CA","og_type":"article","og_title":"Carri\u00e8res","og_description":"Votre carri\u00e8re chez B&G Foods Canada Nous sommes une entreprise en pleine croissance qui se pr\u00e9occupe des petites choses. Notre souci du d\u00e9tail nous","og_url":"https:\/\/bgfoods.ca\/fr-ca\/careers\/","og_site_name":"B&amp;G Foods","article_modified_time":"2021-01-05T21:27:42+00:00","og_image":[{"url":"https:\/\/bgfoodsca.wpengine.com\/wp-content\/uploads\/why-choose-us-img-1024x680.jpg","type":"","width":"","height":""}],"twitter_card":"summary_large_image","twitter_misc":{"Estimation du temps de lecture":"1 minute"},"schema":{"@context":"https:\/\/schema.org","@graph":[{"@type":"WebPage","@id":"https:\/\/bgfoods.ca\/fr-ca\/careers\/","url":"https:\/\/bgfoods.ca\/fr-ca\/careers\/","name":"Carri\u00e8res - B&amp;G Foods","isPartOf":{"@id":"https:\/\/bgfoods.ca\/#website"},"primaryImageOfPage":{"@id":"https:\/\/bgfoods.ca\/fr-ca\/careers\/#primaryimage"},"image":{"@id":"https:\/\/bgfoods.ca\/fr-ca\/careers\/#primaryimage"},"thumbnailUrl":"https:\/\/bgfoodsca.wpengine.com\/wp-content\/uploads\/why-choose-us-img-1024x680.jpg","datePublished":"2020-12-31T19:40:20+00:00","dateModified":"2021-01-05T21:27:42+00:00","breadcrumb":{"@id":"https:\/\/bgfoods.ca\/fr-ca\/careers\/#breadcrumb"},"inLanguage":"fr-CA","potentialAction":[{"@type":"ReadAction","target":["https:\/\/bgfoods.ca\/fr-ca\/careers\/"]}]},{"@type":"ImageObject","inLanguage":"fr-CA","@id":"https:\/\/bgfoods.ca\/fr-ca\/careers\/#primaryimage","url":"https:\/\/bgfoodsca.wpengine.com\/wp-content\/uploads\/why-choose-us-img-1024x680.jpg","contentUrl":"https:\/\/bgfoodsca.wpengine.com\/wp-content\/uploads\/why-choose-us-img-1024x680.jpg"},{"@type":"BreadcrumbList","@id":"https:\/\/bgfoods.ca\/fr-ca\/careers\/#breadcrumb","itemListElement":[{"@type":"ListItem","position":1,"name":"Home","item":"https:\/\/bgfoods.ca\/fr-ca\/"},{"@type":"ListItem","position":2,"name":"Carri\u00e8res"}]},{"@type":"WebSite","@id":"https:\/\/bgfoods.ca\/#website","url":"https:\/\/bgfoods.ca\/","name":"B&amp;G Foods","description":"B&amp;G Foods has been making great-tasting, high-quality foods that you can feel good about feeding your family since the 1800s.","publisher":{"@id":"https:\/\/bgfoods.ca\/#organization"},"potentialAction":[{"@type":"SearchAction","target":{"@type":"EntryPoint","urlTemplate":"https:\/\/bgfoods.ca\/?s={search_term_string}"},"query-input":{"@type":"PropertyValueSpecification","valueRequired":true,"valueName":"search_term_string"}}],"inLanguage":"fr-CA"},{"@type":"Organization","@id":"https:\/\/bgfoods.ca\/#organization","name":"B&G Foods Canada","url":"https:\/\/bgfoods.ca\/","logo":{"@type":"ImageObject","inLanguage":"fr-CA","@id":"https:\/\/bgfoods.ca\/#\/schema\/logo\/image\/","url":"https:\/\/bgfoods.ca\/wp-content\/uploads\/cropped-bg-logo-ca.jpg","contentUrl":"https:\/\/bgfoods.ca\/wp-content\/uploads\/cropped-bg-logo-ca.jpg","width":400,"height":200,"caption":"B&G Foods Canada"},"image":{"@id":"https:\/\/bgfoods.ca\/#\/schema\/logo\/image\/"}}]}},"_links":{"self":[{"href":"https:\/\/bgfoods.ca\/fr-ca\/wp-json\/wp\/v2\/pages\/9043","targetHints":{"allow":["GET"]}}],"collection":[{"href":"https:\/\/bgfoods.ca\/fr-ca\/wp-json\/wp\/v2\/pages"}],"about":[{"href":"https:\/\/bgfoods.ca\/fr-ca\/wp-json\/wp\/v2\/types\/page"}],"author":[{"embeddable":true,"href":"https:\/\/bgfoods.ca\/fr-ca\/wp-json\/wp\/v2\/users\/21"}],"replies":[{"embeddable":true,"href":"https:\/\/bgfoods.ca\/fr-ca\/wp-json\/wp\/v2\/comments?post=9043"}],"version-history":[{"count":0,"href":"https:\/\/bgfoods.ca\/fr-ca\/wp-json\/wp\/v2\/pages\/9043\/revisions"}],"wp:attachment":[{"href":"https:\/\/bgfoods.ca\/fr-ca\/wp-json\/wp\/v2\/media?parent=9043"}],"curies":[{"name":"wp","href":"https:\/\/api.w.org\/{rel}","templated":true}]}}