{"id":9047,"date":"2020-12-31T14:43:11","date_gmt":"2020-12-31T19:43:11","guid":{"rendered":"https:\/\/bgfoodsca.wpengine.com\/contactez-nous\/"},"modified":"2021-01-05T16:01:49","modified_gmt":"2021-01-05T21:01:49","slug":"contact","status":"publish","type":"page","link":"https:\/\/bgfoods.ca\/fr-ca\/contact\/","title":{"rendered":"Contactez-Nous"},"content":{"rendered":"\t\t<div data-elementor-type=\"wp-page\" data-elementor-id=\"9047\" class=\"elementor elementor-9047 elementor-71\" data-elementor-post-type=\"page\">\n\t\t\t\t\t\t<section class=\"elementor-section elementor-top-section elementor-element elementor-element-81bbfad elementor-section-full_width ken-burns-breathing-bg elementor-section-height-default elementor-section-height-default\" data-id=\"81bbfad\" data-element_type=\"section\" data-settings=\"{&quot;background_background&quot;:&quot;classic&quot;}\">\n\t\t\t\t\t\t<div class=\"elementor-container elementor-column-gap-no\">\n\t\t\t\t\t<div class=\"elementor-column elementor-col-100 elementor-top-column elementor-element elementor-element-4047573\" data-id=\"4047573\" data-element_type=\"column\" data-settings=\"{&quot;background_background&quot;:&quot;gradient&quot;}\">\n\t\t\t<div class=\"elementor-widget-wrap elementor-element-populated\">\n\t\t\t\t\t\t<section class=\"elementor-section elementor-inner-section elementor-element elementor-element-c44fd20 elementor-section-boxed elementor-section-height-default elementor-section-height-default\" data-id=\"c44fd20\" data-element_type=\"section\">\n\t\t\t\t\t\t<div class=\"elementor-container elementor-column-gap-default\">\n\t\t\t\t\t<div class=\"elementor-column elementor-col-100 elementor-inner-column elementor-element elementor-element-8cdb281\" data-id=\"8cdb281\" data-element_type=\"column\">\n\t\t\t<div class=\"elementor-widget-wrap elementor-element-populated\">\n\t\t\t\t\t\t<div class=\"elementor-element elementor-element-88c3178 elementor-widget elementor-widget-heading\" data-id=\"88c3178\" data-element_type=\"widget\" data-widget_type=\"heading.default\">\n\t\t\t\t<div class=\"elementor-widget-container\">\n\t\t\t\t\t<h1 class=\"elementor-heading-title elementor-size-xxl\">Communiquez avec nous<\/h1>\t\t\t\t<\/div>\n\t\t\t\t<\/div>\n\t\t\t\t\t<\/div>\n\t\t<\/div>\n\t\t\t\t\t<\/div>\n\t\t<\/section>\n\t\t\t\t\t<\/div>\n\t\t<\/div>\n\t\t\t\t\t<\/div>\n\t\t<\/section>\n\t\t\t\t<section class=\"elementor-section elementor-top-section elementor-element elementor-element-e1c6aac elementor-section-boxed elementor-section-height-default elementor-section-height-default\" data-id=\"e1c6aac\" data-element_type=\"section\">\n\t\t\t\t\t\t<div class=\"elementor-container elementor-column-gap-default\">\n\t\t\t\t\t<div class=\"elementor-column elementor-col-50 elementor-top-column elementor-element elementor-element-d6e0eaa\" data-id=\"d6e0eaa\" data-element_type=\"column\" data-settings=\"{&quot;background_background&quot;:&quot;classic&quot;}\">\n\t\t\t<div class=\"elementor-widget-wrap elementor-element-populated\">\n\t\t\t\t\t\t<div class=\"elementor-element elementor-element-d226e6a t-style-underline elementor-widget elementor-widget-heading\" data-id=\"d226e6a\" data-element_type=\"widget\" data-widget_type=\"heading.default\">\n\t\t\t\t<div class=\"elementor-widget-container\">\n\t\t\t\t\t<h3 class=\"elementor-heading-title elementor-size-large\">Demandes des consommateurs<\/h3>\t\t\t\t<\/div>\n\t\t\t\t<\/div>\n\t\t\t\t<div class=\"elementor-element elementor-element-d5c1e29 elementor-widget elementor-widget-text-editor\" data-id=\"d5c1e29\" data-element_type=\"widget\" data-widget_type=\"text-editor.default\">\n\t\t\t\t<div class=\"elementor-widget-container\">\n\t\t\t\t\t\t\t\t\t<p>Pour toute question relative aux produits et aux consommateurs.<\/p><p>Communiquez avec notre \u00e9quipe des relations avec les consommateurs au 1-800-811-8975 entre 8h30 et 18h00 HE du lundi au vendredi.<\/p>\t\t\t\t\t\t\t\t<\/div>\n\t\t\t\t<\/div>\n\t\t\t\t<div class=\"elementor-element elementor-element-68d456e bg-red-btn elementor-align-center elementor-widget elementor-widget-button\" data-id=\"68d456e\" data-element_type=\"widget\" data-widget_type=\"button.default\">\n\t\t\t\t<div class=\"elementor-widget-container\">\n\t\t\t\t\t\t\t\t\t<div class=\"elementor-button-wrapper\">\n\t\t\t\t\t<a class=\"elementor-button elementor-button-link elementor-size-sm\" href=\"\/fr-ca\/contact\/customer-inquiry\">\n\t\t\t\t\t\t<span class=\"elementor-button-content-wrapper\">\n\t\t\t\t\t\t\t\t\t<span class=\"elementor-button-text\">courriel des relations avec les consommateurs<\/span>\n\t\t\t\t\t<\/span>\n\t\t\t\t\t<\/a>\n\t\t\t\t<\/div>\n\t\t\t\t\t\t\t\t<\/div>\n\t\t\t\t<\/div>\n\t\t\t\t\t<\/div>\n\t\t<\/div>\n\t\t\t\t<div class=\"elementor-column elementor-col-50 elementor-top-column elementor-element elementor-element-3c7302c\" data-id=\"3c7302c\" data-element_type=\"column\" data-settings=\"{&quot;background_background&quot;:&quot;classic&quot;}\">\n\t\t\t<div class=\"elementor-widget-wrap elementor-element-populated\">\n\t\t\t\t\t\t<div class=\"elementor-element elementor-element-b329000 t-style-underline elementor-widget elementor-widget-heading\" data-id=\"b329000\" data-element_type=\"widget\" data-widget_type=\"heading.default\">\n\t\t\t\t<div class=\"elementor-widget-container\">\n\t\t\t\t\t<h3 class=\"elementor-heading-title elementor-size-large\">M\u00e9dias<\/h3>\t\t\t\t<\/div>\n\t\t\t\t<\/div>\n\t\t\t\t<div class=\"elementor-element elementor-element-9c48e02 elementor-widget elementor-widget-text-editor\" data-id=\"9c48e02\" data-element_type=\"widget\" data-widget_type=\"text-editor.default\">\n\t\t\t\t<div class=\"elementor-widget-container\">\n\t\t\t\t\t\t\t\t\tR\u00e9serv\u00e9 aux demandes des m\u00e9dias.\t\t\t\t\t\t\t\t<\/div>\n\t\t\t\t<\/div>\n\t\t\t\t<div class=\"elementor-element elementor-element-e72c9d9 bg-red-btn elementor-align-center elementor-widget elementor-widget-button\" data-id=\"e72c9d9\" data-element_type=\"widget\" data-widget_type=\"button.default\">\n\t\t\t\t<div class=\"elementor-widget-container\">\n\t\t\t\t\t\t\t\t\t<div class=\"elementor-button-wrapper\">\n\t\t\t\t\t<a class=\"elementor-button elementor-button-link elementor-size-sm\" href=\"mailto:mediarelations@bgfoods.com\" target=\"_blank\">\n\t\t\t\t\t\t<span class=\"elementor-button-content-wrapper\">\n\t\t\t\t\t\t\t\t\t<span class=\"elementor-button-text\">courriel des relations avec les m\u00e9dias<\/span>\n\t\t\t\t\t<\/span>\n\t\t\t\t\t<\/a>\n\t\t\t\t<\/div>\n\t\t\t\t\t\t\t\t<\/div>\n\t\t\t\t<\/div>\n\t\t\t\t\t<\/div>\n\t\t<\/div>\n\t\t\t\t\t<\/div>\n\t\t<\/section>\n\t\t\t\t<\/div>\n\t\t","protected":false},"excerpt":{"rendered":"<p>Communiquez avec nous Demandes des consommateurs Pour toute question relative aux produits et aux consommateurs. Communiquez avec notre \u00e9quipe des relations avec les consommateurs au 1-800-811-8975 entre 8h30 et 18h00 HE du lundi au vendredi. courriel des relations avec les consommateurs M\u00e9dias R\u00e9serv\u00e9 aux demandes des m\u00e9dias. courriel des relations avec les m\u00e9dias<\/p>\n","protected":false},"author":9,"featured_media":0,"parent":0,"menu_order":0,"comment_status":"closed","ping_status":"closed","template":"","meta":{"_acf_changed":false,"footnotes":""},"class_list":["post-9047","page","type-page","status-publish","hentry"],"acf":[],"yoast_head":"<!-- This site is optimized with the Yoast SEO Premium plugin v27.0 (Yoast SEO v27.0) - https:\/\/yoast.com\/product\/yoast-seo-premium-wordpress\/ -->\n<title>Contactez-Nous - B&amp;G Foods<\/title>\n<meta name=\"robots\" content=\"index, follow, max-snippet:-1, max-image-preview:large, max-video-preview:-1\" \/>\n<link rel=\"canonical\" href=\"https:\/\/bgfoods.ca\/fr-ca\/contact\/\" \/>\n<meta property=\"og:locale\" content=\"fr_CA\" \/>\n<meta property=\"og:type\" content=\"article\" \/>\n<meta property=\"og:title\" content=\"Contactez-Nous\" \/>\n<meta property=\"og:description\" content=\"Communiquez avec nous Demandes des consommateurs Pour toute question relative aux produits et aux consommateurs.Communiquez avec notre \u00e9quipe des\" \/>\n<meta property=\"og:url\" content=\"https:\/\/bgfoods.ca\/fr-ca\/contact\/\" \/>\n<meta property=\"og:site_name\" content=\"B&amp;G Foods\" \/>\n<meta property=\"article:modified_time\" content=\"2021-01-05T21:01:49+00:00\" \/>\n<meta property=\"og:image\" content=\"https:\/\/bgfoods.ca\/wp-content\/uploads\/default-og-image.jpg\" \/>\n\t<meta property=\"og:image:width\" content=\"1200\" \/>\n\t<meta property=\"og:image:height\" content=\"630\" \/>\n\t<meta property=\"og:image:type\" content=\"image\/jpeg\" \/>\n<meta name=\"twitter:card\" content=\"summary_large_image\" \/>\n<script type=\"application\/ld+json\" class=\"yoast-schema-graph\">{\"@context\":\"https:\/\/schema.org\",\"@graph\":[{\"@type\":\"WebPage\",\"@id\":\"https:\/\/bgfoods.ca\/fr-ca\/contact\/\",\"url\":\"https:\/\/bgfoods.ca\/fr-ca\/contact\/\",\"name\":\"Contactez-Nous - B&amp;G Foods\",\"isPartOf\":{\"@id\":\"https:\/\/bgfoods.ca\/#website\"},\"datePublished\":\"2020-12-31T19:43:11+00:00\",\"dateModified\":\"2021-01-05T21:01:49+00:00\",\"breadcrumb\":{\"@id\":\"https:\/\/bgfoods.ca\/fr-ca\/contact\/#breadcrumb\"},\"inLanguage\":\"fr-CA\",\"potentialAction\":[{\"@type\":\"ReadAction\",\"target\":[\"https:\/\/bgfoods.ca\/fr-ca\/contact\/\"]}]},{\"@type\":\"BreadcrumbList\",\"@id\":\"https:\/\/bgfoods.ca\/fr-ca\/contact\/#breadcrumb\",\"itemListElement\":[{\"@type\":\"ListItem\",\"position\":1,\"name\":\"Home\",\"item\":\"https:\/\/bgfoods.ca\/fr-ca\/\"},{\"@type\":\"ListItem\",\"position\":2,\"name\":\"Contactez-Nous\"}]},{\"@type\":\"WebSite\",\"@id\":\"https:\/\/bgfoods.ca\/#website\",\"url\":\"https:\/\/bgfoods.ca\/\",\"name\":\"B&amp;G Foods\",\"description\":\"B&amp;G Foods has been making great-tasting, high-quality foods that you can feel good about feeding your family since the 1800s.\",\"publisher\":{\"@id\":\"https:\/\/bgfoods.ca\/#organization\"},\"potentialAction\":[{\"@type\":\"SearchAction\",\"target\":{\"@type\":\"EntryPoint\",\"urlTemplate\":\"https:\/\/bgfoods.ca\/?s={search_term_string}\"},\"query-input\":{\"@type\":\"PropertyValueSpecification\",\"valueRequired\":true,\"valueName\":\"search_term_string\"}}],\"inLanguage\":\"fr-CA\"},{\"@type\":\"Organization\",\"@id\":\"https:\/\/bgfoods.ca\/#organization\",\"name\":\"B&G Foods Canada\",\"url\":\"https:\/\/bgfoods.ca\/\",\"logo\":{\"@type\":\"ImageObject\",\"inLanguage\":\"fr-CA\",\"@id\":\"https:\/\/bgfoods.ca\/#\/schema\/logo\/image\/\",\"url\":\"https:\/\/bgfoods.ca\/wp-content\/uploads\/cropped-bg-logo-ca.jpg\",\"contentUrl\":\"https:\/\/bgfoods.ca\/wp-content\/uploads\/cropped-bg-logo-ca.jpg\",\"width\":400,\"height\":200,\"caption\":\"B&G Foods Canada\"},\"image\":{\"@id\":\"https:\/\/bgfoods.ca\/#\/schema\/logo\/image\/\"}}]}<\/script>\n<!-- \/ Yoast SEO Premium plugin. -->","yoast_head_json":{"title":"Contactez-Nous - B&amp;G Foods","robots":{"index":"index","follow":"follow","max-snippet":"max-snippet:-1","max-image-preview":"max-image-preview:large","max-video-preview":"max-video-preview:-1"},"canonical":"https:\/\/bgfoods.ca\/fr-ca\/contact\/","og_locale":"fr_CA","og_type":"article","og_title":"Contactez-Nous","og_description":"Communiquez avec nous Demandes des consommateurs Pour toute question relative aux produits et aux consommateurs.Communiquez avec notre \u00e9quipe des","og_url":"https:\/\/bgfoods.ca\/fr-ca\/contact\/","og_site_name":"B&amp;G Foods","article_modified_time":"2021-01-05T21:01:49+00:00","og_image":[{"width":1200,"height":630,"url":"https:\/\/bgfoods.ca\/wp-content\/uploads\/default-og-image.jpg","type":"image\/jpeg"}],"twitter_card":"summary_large_image","schema":{"@context":"https:\/\/schema.org","@graph":[{"@type":"WebPage","@id":"https:\/\/bgfoods.ca\/fr-ca\/contact\/","url":"https:\/\/bgfoods.ca\/fr-ca\/contact\/","name":"Contactez-Nous - B&amp;G Foods","isPartOf":{"@id":"https:\/\/bgfoods.ca\/#website"},"datePublished":"2020-12-31T19:43:11+00:00","dateModified":"2021-01-05T21:01:49+00:00","breadcrumb":{"@id":"https:\/\/bgfoods.ca\/fr-ca\/contact\/#breadcrumb"},"inLanguage":"fr-CA","potentialAction":[{"@type":"ReadAction","target":["https:\/\/bgfoods.ca\/fr-ca\/contact\/"]}]},{"@type":"BreadcrumbList","@id":"https:\/\/bgfoods.ca\/fr-ca\/contact\/#breadcrumb","itemListElement":[{"@type":"ListItem","position":1,"name":"Home","item":"https:\/\/bgfoods.ca\/fr-ca\/"},{"@type":"ListItem","position":2,"name":"Contactez-Nous"}]},{"@type":"WebSite","@id":"https:\/\/bgfoods.ca\/#website","url":"https:\/\/bgfoods.ca\/","name":"B&amp;G Foods","description":"B&amp;G Foods has been making great-tasting, high-quality foods that you can feel good about feeding your family since the 1800s.","publisher":{"@id":"https:\/\/bgfoods.ca\/#organization"},"potentialAction":[{"@type":"SearchAction","target":{"@type":"EntryPoint","urlTemplate":"https:\/\/bgfoods.ca\/?s={search_term_string}"},"query-input":{"@type":"PropertyValueSpecification","valueRequired":true,"valueName":"search_term_string"}}],"inLanguage":"fr-CA"},{"@type":"Organization","@id":"https:\/\/bgfoods.ca\/#organization","name":"B&G Foods Canada","url":"https:\/\/bgfoods.ca\/","logo":{"@type":"ImageObject","inLanguage":"fr-CA","@id":"https:\/\/bgfoods.ca\/#\/schema\/logo\/image\/","url":"https:\/\/bgfoods.ca\/wp-content\/uploads\/cropped-bg-logo-ca.jpg","contentUrl":"https:\/\/bgfoods.ca\/wp-content\/uploads\/cropped-bg-logo-ca.jpg","width":400,"height":200,"caption":"B&G Foods Canada"},"image":{"@id":"https:\/\/bgfoods.ca\/#\/schema\/logo\/image\/"}}]}},"_links":{"self":[{"href":"https:\/\/bgfoods.ca\/fr-ca\/wp-json\/wp\/v2\/pages\/9047","targetHints":{"allow":["GET"]}}],"collection":[{"href":"https:\/\/bgfoods.ca\/fr-ca\/wp-json\/wp\/v2\/pages"}],"about":[{"href":"https:\/\/bgfoods.ca\/fr-ca\/wp-json\/wp\/v2\/types\/page"}],"author":[{"embeddable":true,"href":"https:\/\/bgfoods.ca\/fr-ca\/wp-json\/wp\/v2\/users\/9"}],"replies":[{"embeddable":true,"href":"https:\/\/bgfoods.ca\/fr-ca\/wp-json\/wp\/v2\/comments?post=9047"}],"version-history":[{"count":0,"href":"https:\/\/bgfoods.ca\/fr-ca\/wp-json\/wp\/v2\/pages\/9047\/revisions"}],"wp:attachment":[{"href":"https:\/\/bgfoods.ca\/fr-ca\/wp-json\/wp\/v2\/media?parent=9047"}],"curies":[{"name":"wp","href":"https:\/\/api.w.org\/{rel}","templated":true}]}}